{"id":2,"date":"2026-05-07T13:19:04","date_gmt":"2026-05-07T13:19:04","guid":{"rendered":"https:\/\/hausservice.biz\/?page_id=2"},"modified":"2026-05-08T06:17:30","modified_gmt":"2026-05-08T06:17:30","slug":"sample-page","status":"publish","type":"page","link":"https:\/\/hausservice.biz\/?page_id=2","title":{"rendered":"Unsere Dienstleistungen"},"content":{"rendered":"\n<p><strong>Fachgesch\u00e4ft f\u00fcr Garten- und Forstbedarf<\/strong><\/p>\n\n\n\n<ul class=\"wp-block-list\">\n<li>Reparatur und Verkauf von Garten- und Bauger\u00e4ten vieler Marken<\/li>\n\n\n\n<li>eigene Fachwerstatt<\/li>\n\n\n\n<li>Verleich von Bau- und Gartenger\u00e4ten<\/li>\n\n\n\n<li>Stihl-Fachh\u00e4ndler<\/li>\n\n\n\n<li>Verkauf von Rindenmulch und Hackschnitzel<\/li>\n\n\n\n<li>Annahme von Gr\u00fcnabfall<\/li>\n\n\n\n<li>Wir sch\u00e4rfen Ihre Messer, Ketten, S\u00e4gebl\u00e4tter uvm.<\/li>\n\n\n\n<li>Verkauf von Propangas und Poolpflegeprodukten<\/li>\n\n\n\n<li>Hol- und Bringedienst f\u00fcr Ihre Ger\u00e4te<\/li>\n<\/ul>\n\n\n\n<p><strong>Hausservice<\/strong><\/p>\n\n\n\n<ul class=\"wp-block-list\">\n<li>Hausmeisterdienstleistungen<\/li>\n\n\n\n<li>Gr\u00fcnanlagenpflege<\/li>\n\n\n\n<li>Winterdienst \/ Stra\u00dfenreinigung<\/li>\n\n\n\n<li>Grabpflege<\/li>\n<\/ul>\n\n\n\n<p><strong>Wenn Sie nicht da sind,k\u00fcmmeren wir uns um Ihre Immobilie<\/strong><\/p>\n\n\n\n<ul class=\"wp-block-list\">\n<li>Wir m\u00e4hen Ihren Rasen<\/li>\n\n\n\n<li>Wir w\u00e4ssern Ihren Garten<\/li>\n\n\n\n<li>Wir erf\u00fcllen Ihre Anliegerpflichten (Stra\u00dfenreinung, Winterdienst etc.)<\/li>\n\n\n\n<li>Wir leeren Ihren Briefkasten<\/li>\n\n\n\n<li>Wir stellen Ihre M\u00fclltonnen zur Entleerung an die Stra\u00dfe und wieder zur\u00fcck<\/li>\n<\/ul>\n\n\n\n<p><strong>Haben Sie noch weitere W\u00fcnsche?<\/strong><\/p>\n\n\n\n<p>Fragen Sie uns gern!<\/p>\n\n\n\n<p>Te.: 033748 78-0<br>email: hausservice@hausservice.biz<\/p>\n\n\n\n<p><\/p>\n","protected":false},"excerpt":{"rendered":"<p>Fachgesch\u00e4ft f\u00fcr Garten- und Forstbedarf Hausservice Wenn Sie nicht da sind,k\u00fcmmeren wir uns um Ihre Immobilie Haben Sie noch weitere W\u00fcnsche? Fragen Sie uns gern! Te.: 033748 78-0email: hausservice@hausservice.biz<\/p>\n","protected":false},"author":1,"featured_media":0,"parent":0,"menu_order":0,"comment_status":"closed","ping_status":"closed","template":"","meta":{"footnotes":""},"class_list":["post-2","page","type-page","status-publish","hentry"],"yoast_head":"<!-- This site is optimized with the Yoast SEO plugin v27.5 - https:\/\/yoast.com\/product\/yoast-seo-wordpress\/ -->\n<title>Unsere Dienstleistungen - Mario\u00b4s Hausservice<\/title>\n<meta name=\"robots\" content=\"index, follow, max-snippet:-1, max-image-preview:large, max-video-preview:-1\" \/>\n<link rel=\"canonical\" href=\"https:\/\/hausservice.biz\/?page_id=2\" \/>\n<meta property=\"og:locale\" content=\"de_DE\" \/>\n<meta property=\"og:type\" content=\"article\" \/>\n<meta property=\"og:title\" content=\"Unsere Dienstleistungen - Mario\u00b4s Hausservice\" \/>\n<meta property=\"og:description\" content=\"Fachgesch\u00e4ft f\u00fcr Garten- und Forstbedarf Hausservice Wenn Sie nicht da sind,k\u00fcmmeren wir uns um Ihre Immobilie Haben Sie noch weitere W\u00fcnsche? Fragen Sie uns gern! Te.: 033748 78-0email: hausservice@hausservice.biz\" \/>\n<meta property=\"og:url\" content=\"https:\/\/hausservice.biz\/?page_id=2\" \/>\n<meta property=\"og:site_name\" content=\"Mario\u00b4s Hausservice\" \/>\n<meta property=\"article:modified_time\" content=\"2026-05-08T06:17:30+00:00\" \/>\n<meta name=\"twitter:card\" content=\"summary_large_image\" \/>\n<meta name=\"twitter:label1\" content=\"Gesch\u00e4tzte Lesezeit\" \/>\n\t<meta name=\"twitter:data1\" content=\"1\u00a0Minute\" \/>\n<script type=\"application\/ld+json\" class=\"yoast-schema-graph\">{\"@context\":\"https:\\\/\\\/schema.org\",\"@graph\":[{\"@type\":\"WebPage\",\"@id\":\"https:\\\/\\\/hausservice.biz\\\/?page_id=2\",\"url\":\"https:\\\/\\\/hausservice.biz\\\/?page_id=2\",\"name\":\"Unsere Dienstleistungen - Mario\u00b4s Hausservice\",\"isPartOf\":{\"@id\":\"https:\\\/\\\/hausservice.biz\\\/#website\"},\"datePublished\":\"2026-05-07T13:19:04+00:00\",\"dateModified\":\"2026-05-08T06:17:30+00:00\",\"breadcrumb\":{\"@id\":\"https:\\\/\\\/hausservice.biz\\\/?page_id=2#breadcrumb\"},\"inLanguage\":\"de\",\"potentialAction\":[{\"@type\":\"ReadAction\",\"target\":[\"https:\\\/\\\/hausservice.biz\\\/?page_id=2\"]}]},{\"@type\":\"BreadcrumbList\",\"@id\":\"https:\\\/\\\/hausservice.biz\\\/?page_id=2#breadcrumb\",\"itemListElement\":[{\"@type\":\"ListItem\",\"position\":1,\"name\":\"Start\",\"item\":\"https:\\\/\\\/hausservice.biz\\\/\"},{\"@type\":\"ListItem\",\"position\":2,\"name\":\"Unsere Dienstleistungen\"}]},{\"@type\":\"WebSite\",\"@id\":\"https:\\\/\\\/hausservice.biz\\\/#website\",\"url\":\"https:\\\/\\\/hausservice.biz\\\/\",\"name\":\"Mario\u00b4s Hausservice\",\"description\":\"\",\"potentialAction\":[{\"@type\":\"SearchAction\",\"target\":{\"@type\":\"EntryPoint\",\"urlTemplate\":\"https:\\\/\\\/hausservice.biz\\\/?s={search_term_string}\"},\"query-input\":{\"@type\":\"PropertyValueSpecification\",\"valueRequired\":true,\"valueName\":\"search_term_string\"}}],\"inLanguage\":\"de\"}]}<\/script>\n<!-- \/ Yoast SEO plugin. -->","yoast_head_json":{"title":"Unsere Dienstleistungen - Mario\u00b4s Hausservice","robots":{"index":"index","follow":"follow","max-snippet":"max-snippet:-1","max-image-preview":"max-image-preview:large","max-video-preview":"max-video-preview:-1"},"canonical":"https:\/\/hausservice.biz\/?page_id=2","og_locale":"de_DE","og_type":"article","og_title":"Unsere Dienstleistungen - Mario\u00b4s Hausservice","og_description":"Fachgesch\u00e4ft f\u00fcr Garten- und Forstbedarf Hausservice Wenn Sie nicht da sind,k\u00fcmmeren wir uns um Ihre Immobilie Haben Sie noch weitere W\u00fcnsche? Fragen Sie uns gern! Te.: 033748 78-0email: hausservice@hausservice.biz","og_url":"https:\/\/hausservice.biz\/?page_id=2","og_site_name":"Mario\u00b4s Hausservice","article_modified_time":"2026-05-08T06:17:30+00:00","twitter_card":"summary_large_image","twitter_misc":{"Gesch\u00e4tzte Lesezeit":"1\u00a0Minute"},"schema":{"@context":"https:\/\/schema.org","@graph":[{"@type":"WebPage","@id":"https:\/\/hausservice.biz\/?page_id=2","url":"https:\/\/hausservice.biz\/?page_id=2","name":"Unsere Dienstleistungen - Mario\u00b4s Hausservice","isPartOf":{"@id":"https:\/\/hausservice.biz\/#website"},"datePublished":"2026-05-07T13:19:04+00:00","dateModified":"2026-05-08T06:17:30+00:00","breadcrumb":{"@id":"https:\/\/hausservice.biz\/?page_id=2#breadcrumb"},"inLanguage":"de","potentialAction":[{"@type":"ReadAction","target":["https:\/\/hausservice.biz\/?page_id=2"]}]},{"@type":"BreadcrumbList","@id":"https:\/\/hausservice.biz\/?page_id=2#breadcrumb","itemListElement":[{"@type":"ListItem","position":1,"name":"Start","item":"https:\/\/hausservice.biz\/"},{"@type":"ListItem","position":2,"name":"Unsere Dienstleistungen"}]},{"@type":"WebSite","@id":"https:\/\/hausservice.biz\/#website","url":"https:\/\/hausservice.biz\/","name":"Mario\u00b4s Hausservice","description":"","potentialAction":[{"@type":"SearchAction","target":{"@type":"EntryPoint","urlTemplate":"https:\/\/hausservice.biz\/?s={search_term_string}"},"query-input":{"@type":"PropertyValueSpecification","valueRequired":true,"valueName":"search_term_string"}}],"inLanguage":"de"}]}},"_links":{"self":[{"href":"https:\/\/hausservice.biz\/index.php?rest_route=\/wp\/v2\/pages\/2","targetHints":{"allow":["GET"]}}],"collection":[{"href":"https:\/\/hausservice.biz\/index.php?rest_route=\/wp\/v2\/pages"}],"about":[{"href":"https:\/\/hausservice.biz\/index.php?rest_route=\/wp\/v2\/types\/page"}],"author":[{"embeddable":true,"href":"https:\/\/hausservice.biz\/index.php?rest_route=\/wp\/v2\/users\/1"}],"replies":[{"embeddable":true,"href":"https:\/\/hausservice.biz\/index.php?rest_route=%2Fwp%2Fv2%2Fcomments&post=2"}],"version-history":[{"count":3,"href":"https:\/\/hausservice.biz\/index.php?rest_route=\/wp\/v2\/pages\/2\/revisions"}],"predecessor-version":[{"id":24,"href":"https:\/\/hausservice.biz\/index.php?rest_route=\/wp\/v2\/pages\/2\/revisions\/24"}],"wp:attachment":[{"href":"https:\/\/hausservice.biz\/index.php?rest_route=%2Fwp%2Fv2%2Fmedia&parent=2"}],"curies":[{"name":"wp","href":"https:\/\/api.w.org\/{rel}","templated":true}]}}