{"id":28,"date":"2026-05-08T06:26:40","date_gmt":"2026-05-08T06:26:40","guid":{"rendered":"https:\/\/hausservice.biz\/?page_id=28"},"modified":"2026-05-08T06:26:41","modified_gmt":"2026-05-08T06:26:41","slug":"ueber-uns","status":"publish","type":"page","link":"https:\/\/hausservice.biz\/?page_id=28","title":{"rendered":"\u00dcber uns"},"content":{"rendered":"\n<h1 class=\"wp-block-heading\">Die Firma<\/h1>\n\n\n\n<p>Wir, die Fa. Mario\u00b4s Hausservice, sind ein mittelst\u00e4ndisches Unternehmen, welches seit 1990 (Nachfolger der Parlesak Bau GmbH&amp;Co.KG) am Markt ist. Wir haben uns stetig weiter entwickelt und decken jetzt eine Vielzahl von Leistungen ab. Mit qualifiziertem Fachpersonal und einem klaren und sozialen F\u00fchrungsstil sind wir Ihr idealer Partner f\u00fcr Hochbau, Ausbau, Galabau sowie Gr\u00fcn- und Gartenpflege und Winterdienst.<\/p>\n\n\n\n<p>Wir besch\u00e4ftigen derzeit 23 Mitarbeiterinnen und Mitarbeiter.<\/p>\n\n\n\n<p>Getreu unserer Philosophie bieten wir umfassende Beratung, flexible Ideen und L\u00f6sungen sowie eine zeitgem\u00e4\u00dfe Preisgestaltung an.<\/p>\n\n\n\n<p>Dar\u00fcber hinaus k\u00f6nnen wir Ihnen unsere fachlich Kompetenz auch in unserem Ladengesch\u00e4ft f\u00fcr Forst-, Garten- und Schwimmbadtechnik unter Beweis stellen. Unserem Laden ist eine Werkstatt angegliedert, welche bei technischen Problemen mit s\u00e4mtlicher Kleintechnik behilflich sein kann.<\/p>\n\n\n\n<p>Sie finden uns ca. 55,00 km s\u00fcdwestlich von Berlin und Potsdam in der \u201eSabinchenstadt\u201c Treuenbrietzen. Wir sind hier fest verwurzelt, 80 % unserer Mitarbeiter kommen aus Treuenbrietzen und der unmittelbaren Umgebung.<\/p>\n\n\n\n<p><strong><mark style=\"background-color:rgba(0, 0, 0, 0)\" class=\"has-inline-color has-black-color\">Unser Fachgesch\u00e4ft hat f\u00fcr Sie ge\u00f6ffnet:<\/mark><\/strong><\/p>\n\n\n\n<p><strong>\u00d6ffnungszeiten:<\/strong><\/p>\n\n\n\n<figure class=\"wp-block-table\"><table class=\"has-fixed-layout\"><tbody><tr><td><strong>Mo &#8211; Fr<\/strong><\/td><td>9.00- 17.00 Uhr&nbsp;<\/td><\/tr><\/tbody><\/table><\/figure>\n\n\n\n<p><strong>Mario\u00b4s Hausservice<\/strong><br><strong>Steinm\u00fchlenstr. 59\u00a0<\/strong><br><strong>D-14929 Treuenbrietzen<\/strong><\/p>\n\n\n\n<p><strong>Telefon: +49 33748 780<\/strong><br><strong>Fax Nr.: +49 33748 78120<\/strong><\/p>\n","protected":false},"excerpt":{"rendered":"<p>Die Firma Wir, die Fa. Mario\u00b4s Hausservice, sind ein mittelst\u00e4ndisches Unternehmen, welches seit 1990 (Nachfolger der Parlesak Bau GmbH&amp;Co.KG) am Markt ist. Wir haben uns stetig weiter entwickelt und decken jetzt eine Vielzahl von Leistungen ab. Mit qualifiziertem Fachpersonal und einem klaren und sozialen F\u00fchrungsstil sind wir Ihr idealer Partner f\u00fcr Hochbau, Ausbau, Galabau sowie [&hellip;]<\/p>\n","protected":false},"author":1,"featured_media":0,"parent":0,"menu_order":0,"comment_status":"closed","ping_status":"closed","template":"","meta":{"footnotes":""},"class_list":["post-28","page","type-page","status-publish","hentry"],"yoast_head":"<!-- This site is optimized with the Yoast SEO plugin v27.5 - https:\/\/yoast.com\/product\/yoast-seo-wordpress\/ -->\n<title>\u00dcber uns - Mario\u00b4s Hausservice<\/title>\n<meta name=\"robots\" content=\"index, follow, max-snippet:-1, max-image-preview:large, max-video-preview:-1\" \/>\n<link rel=\"canonical\" href=\"https:\/\/hausservice.biz\/?page_id=28\" \/>\n<meta property=\"og:locale\" content=\"de_DE\" \/>\n<meta property=\"og:type\" content=\"article\" \/>\n<meta property=\"og:title\" content=\"\u00dcber uns - Mario\u00b4s Hausservice\" \/>\n<meta property=\"og:description\" content=\"Die Firma Wir, die Fa. Mario\u00b4s Hausservice, sind ein mittelst\u00e4ndisches Unternehmen, welches seit 1990 (Nachfolger der Parlesak Bau GmbH&amp;Co.KG) am Markt ist. Wir haben uns stetig weiter entwickelt und decken jetzt eine Vielzahl von Leistungen ab. Mit qualifiziertem Fachpersonal und einem klaren und sozialen F\u00fchrungsstil sind wir Ihr idealer Partner f\u00fcr Hochbau, Ausbau, Galabau sowie [&hellip;]\" \/>\n<meta property=\"og:url\" content=\"https:\/\/hausservice.biz\/?page_id=28\" \/>\n<meta property=\"og:site_name\" content=\"Mario\u00b4s Hausservice\" \/>\n<meta property=\"article:modified_time\" content=\"2026-05-08T06:26:41+00:00\" \/>\n<meta name=\"twitter:card\" content=\"summary_large_image\" \/>\n<meta name=\"twitter:label1\" content=\"Gesch\u00e4tzte Lesezeit\" \/>\n\t<meta name=\"twitter:data1\" content=\"1\u00a0Minute\" \/>\n<script type=\"application\/ld+json\" class=\"yoast-schema-graph\">{\"@context\":\"https:\\\/\\\/schema.org\",\"@graph\":[{\"@type\":\"WebPage\",\"@id\":\"https:\\\/\\\/hausservice.biz\\\/?page_id=28\",\"url\":\"https:\\\/\\\/hausservice.biz\\\/?page_id=28\",\"name\":\"\u00dcber uns - Mario\u00b4s Hausservice\",\"isPartOf\":{\"@id\":\"https:\\\/\\\/hausservice.biz\\\/#website\"},\"datePublished\":\"2026-05-08T06:26:40+00:00\",\"dateModified\":\"2026-05-08T06:26:41+00:00\",\"breadcrumb\":{\"@id\":\"https:\\\/\\\/hausservice.biz\\\/?page_id=28#breadcrumb\"},\"inLanguage\":\"de\",\"potentialAction\":[{\"@type\":\"ReadAction\",\"target\":[\"https:\\\/\\\/hausservice.biz\\\/?page_id=28\"]}]},{\"@type\":\"BreadcrumbList\",\"@id\":\"https:\\\/\\\/hausservice.biz\\\/?page_id=28#breadcrumb\",\"itemListElement\":[{\"@type\":\"ListItem\",\"position\":1,\"name\":\"Start\",\"item\":\"https:\\\/\\\/hausservice.biz\\\/\"},{\"@type\":\"ListItem\",\"position\":2,\"name\":\"\u00dcber uns\"}]},{\"@type\":\"WebSite\",\"@id\":\"https:\\\/\\\/hausservice.biz\\\/#website\",\"url\":\"https:\\\/\\\/hausservice.biz\\\/\",\"name\":\"Mario\u00b4s Hausservice\",\"description\":\"\",\"potentialAction\":[{\"@type\":\"SearchAction\",\"target\":{\"@type\":\"EntryPoint\",\"urlTemplate\":\"https:\\\/\\\/hausservice.biz\\\/?s={search_term_string}\"},\"query-input\":{\"@type\":\"PropertyValueSpecification\",\"valueRequired\":true,\"valueName\":\"search_term_string\"}}],\"inLanguage\":\"de\"}]}<\/script>\n<!-- \/ Yoast SEO plugin. -->","yoast_head_json":{"title":"\u00dcber uns - Mario\u00b4s Hausservice","robots":{"index":"index","follow":"follow","max-snippet":"max-snippet:-1","max-image-preview":"max-image-preview:large","max-video-preview":"max-video-preview:-1"},"canonical":"https:\/\/hausservice.biz\/?page_id=28","og_locale":"de_DE","og_type":"article","og_title":"\u00dcber uns - Mario\u00b4s Hausservice","og_description":"Die Firma Wir, die Fa. Mario\u00b4s Hausservice, sind ein mittelst\u00e4ndisches Unternehmen, welches seit 1990 (Nachfolger der Parlesak Bau GmbH&amp;Co.KG) am Markt ist. Wir haben uns stetig weiter entwickelt und decken jetzt eine Vielzahl von Leistungen ab. Mit qualifiziertem Fachpersonal und einem klaren und sozialen F\u00fchrungsstil sind wir Ihr idealer Partner f\u00fcr Hochbau, Ausbau, Galabau sowie [&hellip;]","og_url":"https:\/\/hausservice.biz\/?page_id=28","og_site_name":"Mario\u00b4s Hausservice","article_modified_time":"2026-05-08T06:26:41+00:00","twitter_card":"summary_large_image","twitter_misc":{"Gesch\u00e4tzte Lesezeit":"1\u00a0Minute"},"schema":{"@context":"https:\/\/schema.org","@graph":[{"@type":"WebPage","@id":"https:\/\/hausservice.biz\/?page_id=28","url":"https:\/\/hausservice.biz\/?page_id=28","name":"\u00dcber uns - Mario\u00b4s Hausservice","isPartOf":{"@id":"https:\/\/hausservice.biz\/#website"},"datePublished":"2026-05-08T06:26:40+00:00","dateModified":"2026-05-08T06:26:41+00:00","breadcrumb":{"@id":"https:\/\/hausservice.biz\/?page_id=28#breadcrumb"},"inLanguage":"de","potentialAction":[{"@type":"ReadAction","target":["https:\/\/hausservice.biz\/?page_id=28"]}]},{"@type":"BreadcrumbList","@id":"https:\/\/hausservice.biz\/?page_id=28#breadcrumb","itemListElement":[{"@type":"ListItem","position":1,"name":"Start","item":"https:\/\/hausservice.biz\/"},{"@type":"ListItem","position":2,"name":"\u00dcber uns"}]},{"@type":"WebSite","@id":"https:\/\/hausservice.biz\/#website","url":"https:\/\/hausservice.biz\/","name":"Mario\u00b4s Hausservice","description":"","potentialAction":[{"@type":"SearchAction","target":{"@type":"EntryPoint","urlTemplate":"https:\/\/hausservice.biz\/?s={search_term_string}"},"query-input":{"@type":"PropertyValueSpecification","valueRequired":true,"valueName":"search_term_string"}}],"inLanguage":"de"}]}},"_links":{"self":[{"href":"https:\/\/hausservice.biz\/index.php?rest_route=\/wp\/v2\/pages\/28","targetHints":{"allow":["GET"]}}],"collection":[{"href":"https:\/\/hausservice.biz\/index.php?rest_route=\/wp\/v2\/pages"}],"about":[{"href":"https:\/\/hausservice.biz\/index.php?rest_route=\/wp\/v2\/types\/page"}],"author":[{"embeddable":true,"href":"https:\/\/hausservice.biz\/index.php?rest_route=\/wp\/v2\/users\/1"}],"replies":[{"embeddable":true,"href":"https:\/\/hausservice.biz\/index.php?rest_route=%2Fwp%2Fv2%2Fcomments&post=28"}],"version-history":[{"count":1,"href":"https:\/\/hausservice.biz\/index.php?rest_route=\/wp\/v2\/pages\/28\/revisions"}],"predecessor-version":[{"id":29,"href":"https:\/\/hausservice.biz\/index.php?rest_route=\/wp\/v2\/pages\/28\/revisions\/29"}],"wp:attachment":[{"href":"https:\/\/hausservice.biz\/index.php?rest_route=%2Fwp%2Fv2%2Fmedia&parent=28"}],"curies":[{"name":"wp","href":"https:\/\/api.w.org\/{rel}","templated":true}]}}